{"id":2,"date":"2021-03-16T17:25:42","date_gmt":"2021-03-16T17:25:42","guid":{"rendered":"https:\/\/oczami-dziecka.pl\/?page_id=2"},"modified":"2021-04-15T20:34:12","modified_gmt":"2021-04-15T18:34:12","slug":"sample-page","status":"publish","type":"page","link":"https:\/\/oczami-dziecka.pl\/?page_id=2","title":{"rendered":"Dziecko"},"content":{"rendered":"\n<p>W tym dziale znajduj\u0105 si\u0119 artyku\u0142y, z podzia\u0142em na grupy wiekowe 0-2, 3-5, 6-10, 11+ (lat), na temat rozwoju emocjonalno-spo\u0142ecznego i poznawczego dzieci oraz ich wychowania. <\/p>\n\n\n\n<p>Artyku\u0142y s\u0105 wy\u0142\u0105cznie wst\u0119pem do omawianej tematyki i nie stanowi\u0105 oraz nie zast\u0105pi\u0105 profesjonalnej porady psychologicznej. Ka\u017cdy przypadek, nale\u017cy rozpatrywa\u0107 indywidualnie, dlatego w razie potrzeby &#8211; zapraszam do konsultacji <img decoding=\"async\" draggable=\"false\" class=\"eedee-emoji\" alt=\"\ud83d\ude42\" src=\"https:\/\/s.w.org\/images\/core\/emoji\/12.0.0-1\/svg\/1f642.svg\">.<\/p>\n","protected":false},"excerpt":{"rendered":"<p>W tym dziale znajduj\u0105 si\u0119 artyku\u0142y, z podzia\u0142em na grupy wiekowe 0-2, 3-5, 6-10, 11+ (lat), na temat rozwoju emocjonalno-spo\u0142ecznego i poznawczego dzieci oraz ich wychowania. Artyku\u0142y s\u0105 wy\u0142\u0105cznie wst\u0119pem do omawianej tematyki i nie stanowi\u0105 oraz nie zast\u0105pi\u0105 profesjonalnej porady psychologicznej. Ka\u017cdy przypadek, nale\u017cy rozpatrywa\u0107 indywidualnie, dlatego w razie potrzeby &#8211; zapraszam do konsultacji [&hellip;]<\/p>\n","protected":false},"author":1,"featured_media":0,"parent":0,"menu_order":0,"comment_status":"closed","ping_status":"open","template":"","meta":{"footnotes":""},"class_list":["post-2","page","type-page","status-publish","hentry"],"_links":{"self":[{"href":"https:\/\/oczami-dziecka.pl\/index.php?rest_route=\/wp\/v2\/pages\/2","targetHints":{"allow":["GET"]}}],"collection":[{"href":"https:\/\/oczami-dziecka.pl\/index.php?rest_route=\/wp\/v2\/pages"}],"about":[{"href":"https:\/\/oczami-dziecka.pl\/index.php?rest_route=\/wp\/v2\/types\/page"}],"author":[{"embeddable":true,"href":"https:\/\/oczami-dziecka.pl\/index.php?rest_route=\/wp\/v2\/users\/1"}],"replies":[{"embeddable":true,"href":"https:\/\/oczami-dziecka.pl\/index.php?rest_route=%2Fwp%2Fv2%2Fcomments&post=2"}],"version-history":[{"count":2,"href":"https:\/\/oczami-dziecka.pl\/index.php?rest_route=\/wp\/v2\/pages\/2\/revisions"}],"predecessor-version":[{"id":147,"href":"https:\/\/oczami-dziecka.pl\/index.php?rest_route=\/wp\/v2\/pages\/2\/revisions\/147"}],"wp:attachment":[{"href":"https:\/\/oczami-dziecka.pl\/index.php?rest_route=%2Fwp%2Fv2%2Fmedia&parent=2"}],"curies":[{"name":"wp","href":"https:\/\/api.w.org\/{rel}","templated":true}]}}