{"id":322,"date":"2022-01-22T22:09:29","date_gmt":"2022-01-22T20:09:29","guid":{"rendered":"https:\/\/oczami-dziecka.pl\/?page_id=322"},"modified":"2022-06-06T21:35:32","modified_gmt":"2022-06-06T19:35:32","slug":"e-book","status":"publish","type":"page","link":"https:\/\/oczami-dziecka.pl\/?page_id=322","title":{"rendered":"E-BOOK"},"content":{"rendered":"\n<p>Zapraszamy do pobrania darmowego e-booka z bajkoterapi\u0105:<\/p>\n\n\n\n<div data-wp-interactive=\"core\/file\" class=\"wp-block-file\"><object data-wp-bind--hidden=\"!state.hasPdfPreview\" hidden class=\"wp-block-file__embed\" data=\"http:\/\/oczami-dziecka.pl\/wp-content\/uploads\/2022\/01\/Jestem-tu-Ineczko-bajkoterapia-dla-najmlodszych.pdf\" type=\"application\/pdf\" style=\"width:100%;height:200px\" aria-label=\"Osadzone z Osadzone z Jestem tu Ineczko..\"><\/object><a id=\"wp-block-file--media-24c49039-2eab-4eae-a7f8-6b1a018cd949\" href=\"http:\/\/oczami-dziecka.pl\/wp-content\/uploads\/2022\/01\/Jestem-tu-Ineczko-bajkoterapia-dla-najmlodszych.pdf\">Jestem tu Ineczko<\/a><a href=\"http:\/\/oczami-dziecka.pl\/wp-content\/uploads\/2022\/01\/Jestem-tu-Ineczko-bajkoterapia-dla-najmlodszych.pdf\" class=\"wp-block-file__button\" download aria-describedby=\"wp-block-file--media-24c49039-2eab-4eae-a7f8-6b1a018cd949\">Pobierz<\/a><\/div>\n\n\n\n<p><strong>Czym jest bajkoterapia?<\/strong><\/p>\n\n\n\n<p><em>Do bajkoterapii kwalifikujemy bajki dla dzieci w wieku przedszkolnym<\/em> <em>i wczesnoszkolnym, kt\u00f3re zosta\u0142y stworzone przy udziale specjalist\u00f3w psycholog\u00f3w, psychoterapeut\u00f3w<\/em> <em>i\/lub pedagog\u00f3w. Bajkoterapia jest form\u0105 pomocy oraz edukowania dzieci o \u017cyciu<\/em> <em>i problemach, z jakimi mog\u0105 si\u0119 mierzy\u0107. Bajki to idealny spos\u00f3b, dla Twojego dziecka, na przepracowanie trudnych temat\u00f3w w bezpiecznych, domowych warunkach. Zapraszamy wasz\u0105 rodzin\u0119 do wsp\u00f3lnego prze\u017cywania przyg\u00f3d Inki napisanych w formie wierszy.<\/em><\/p>\n","protected":false},"excerpt":{"rendered":"<p>Zapraszamy do pobrania darmowego e-booka z bajkoterapi\u0105: Czym jest bajkoterapia? Do bajkoterapii kwalifikujemy bajki dla dzieci w wieku przedszkolnym i wczesnoszkolnym, kt\u00f3re zosta\u0142y stworzone przy udziale specjalist\u00f3w psycholog\u00f3w, psychoterapeut\u00f3w i\/lub pedagog\u00f3w. Bajkoterapia jest form\u0105 pomocy oraz edukowania dzieci o \u017cyciu i problemach, z jakimi mog\u0105 si\u0119 mierzy\u0107. Bajki to idealny spos\u00f3b, dla Twojego dziecka, na [&hellip;]<\/p>\n","protected":false},"author":1,"featured_media":0,"parent":0,"menu_order":0,"comment_status":"closed","ping_status":"closed","template":"","meta":{"footnotes":""},"class_list":["post-322","page","type-page","status-publish","hentry"],"_links":{"self":[{"href":"https:\/\/oczami-dziecka.pl\/index.php?rest_route=\/wp\/v2\/pages\/322","targetHints":{"allow":["GET"]}}],"collection":[{"href":"https:\/\/oczami-dziecka.pl\/index.php?rest_route=\/wp\/v2\/pages"}],"about":[{"href":"https:\/\/oczami-dziecka.pl\/index.php?rest_route=\/wp\/v2\/types\/page"}],"author":[{"embeddable":true,"href":"https:\/\/oczami-dziecka.pl\/index.php?rest_route=\/wp\/v2\/users\/1"}],"replies":[{"embeddable":true,"href":"https:\/\/oczami-dziecka.pl\/index.php?rest_route=%2Fwp%2Fv2%2Fcomments&post=322"}],"version-history":[{"count":9,"href":"https:\/\/oczami-dziecka.pl\/index.php?rest_route=\/wp\/v2\/pages\/322\/revisions"}],"predecessor-version":[{"id":367,"href":"https:\/\/oczami-dziecka.pl\/index.php?rest_route=\/wp\/v2\/pages\/322\/revisions\/367"}],"wp:attachment":[{"href":"https:\/\/oczami-dziecka.pl\/index.php?rest_route=%2Fwp%2Fv2%2Fmedia&parent=322"}],"curies":[{"name":"wp","href":"https:\/\/api.w.org\/{rel}","templated":true}]}}